{"id":867,"date":"2017-08-14T11:37:23","date_gmt":"2017-08-14T11:37:23","guid":{"rendered":"https:\/\/dev.cogi-pme.com\/nos-services\/"},"modified":"2017-08-14T11:37:23","modified_gmt":"2017-08-14T11:37:23","slug":"nos-services","status":"publish","type":"page","link":"https:\/\/cogi-pme.com\/en\/nos-services\/","title":{"rendered":"nos services"},"content":{"rendered":"\n\n\t<h1>\n\t\t\t\tNos Services\n\t\t\t<\/h1>\n\t\t\t<p>TOUS LES SERVICES AU M\u00caME GUICHET UNIQUE<\/p>\n\t<h3>\n\t\t\t\tConsultation, Formation\n\t\t\t<\/h3>\n\t\t\t<p>Nous sommes une \u00e9quipe d&#8217;experts chevronn\u00e9s ayant chacun de 15 \u00e0 25 ans d&#8217;exp\u00e9riences.<br \/>Nous vous offrons des services de consultation dans divers domaines de la gestion d&#8217;entreprise :<br \/>Marketing, Informatique, Comptabilit\u00e9, Financement, Ressources humaines, Droit commercial, Commerce international.Nous offrons des cours de formation personnalis\u00e9e sur demande.<br \/>Nos services sont de qualit\u00e9 aux tarifs abordables pour nos PME.Au d\u00e9but de chaque mois, nous faisons l&#8217;annonce sur notre site la promotion des forfaits sp\u00e9ciaux.<br \/>Nous contacter pour en savoir davantage<\/p>\t\n\t\t\t<a href=\"https:\/\/cogi-pme.com\/en\/contact\/\" target=\"_self\" role=\"button\" rel=\"noopener\">\n\t\t\t\t\t\t\tNous contacter\n\t\t\t\t\t<\/a>\n\t<h3>\n\t\t\t\tTOUS LES SERVICES AU M\u00caME GUICHET UNIQUE\n\t\t\t<\/h3>\n\t<ul>\n\t\t<li>\t\t\n\t\t\t\t<img decoding=\"async\" src=\"https:\/\/cogi-pme.com\/wp-content\/uploads\/2022\/05\/iconfinder_startup-07_2956939_0.png\" alt=\"iconfinder_startup-07_2956939_0\" title=\"iconfinder_startup-07_2956939_0\" itemprop=\"image\"\/>\n\t\t<h3>Financement<\/h3><p>Financement des projets d&#8217;expansion ou d\u00e9marrage<br \/>Programme Immigrants investisseurs, Investissement Qu\u00e9bec<br \/>Gestion de cr\u00e9dits et fonds de roulement<br \/>Affacturage, cr\u00e9dits d&#8217;imp\u00f4t R &amp; D<\/p><\/li>\t<\/ul>\n\t<ul>\n\t\t<li>\t\t\n\t\t\t\t<img decoding=\"async\" src=\"https:\/\/cogi-pme.com\/wp-content\/uploads\/2022\/05\/iconfinder_megaphone_1595447_0.png\" alt=\"iconfinder_megaphone_1595447_0\" title=\"iconfinder_megaphone_1595447_0\" itemprop=\"image\"\/>\n\t\t<h3> Marketing<\/h3>Planification des strat\u00e9gies de marketing (Plan d&#8217;affaires,<br \/>\nPlan marketing) Sondage sur les besoins des client\u00e8les et des march\u00e9s cibles<br \/>\nGestion de la diversit\u00e9 ( march\u00e9 des communaut\u00e9s culturelles )<br \/>\nAnalyse transactionnelle des banques de donn\u00e9es ( Data-mining\n<\/li>\t<\/ul>\n\t<ul>\n\t\t<li>\t\t\n\t\t\t\t<img decoding=\"async\" src=\"https:\/\/cogi-pme.com\/wp-content\/uploads\/2022\/05\/iconfinder_1397_2123106_0.png\" alt=\"iconfinder_1397_2123106_0\" title=\"iconfinder_1397_2123106_0\" itemprop=\"image\"\/>\n\t\t<h3>Informatique<\/h3>Cr\u00e9ation de sites web, d\u00e9pannage et mass-mailing.<br \/>\nPositionnement et r\u00e9f\u00e9rencement des publicit\u00e9s sur l&#8217;Internet.<br \/>\nEntretien et gestion des syst\u00e8mes informatiques.<br \/>\nGestion d&#8217;approvisionnement, des ventes et service \u00e0 la client\u00e8le.\n<\/li>\t<\/ul>\n\t<ul>\n\t\t<li>\t\t\n\t\t\t\t<img decoding=\"async\" src=\"https:\/\/cogi-pme.com\/wp-content\/uploads\/2022\/05\/iconfinder_monthly_accounting_2_copy_1936693.png\" alt=\"iconfinder_monthly_accounting_2_copy_1936693\" title=\"iconfinder_monthly_accounting_2_copy_1936693\" itemprop=\"image\"\/>\n\t\t<h3>Comptabilit\u00e9<\/h3>G\u00e9rance et pr\u00e9vision financi\u00e8re, budg\u00e9taire et op\u00e9rationnelle<br \/>\nFusion, transition, achat et vente d&#8217;entreprise<br \/>\nTenue de livre, prix de revient, fonds de roulement<br \/>\nFiscalit\u00e9 des entreprises et des particuliers\n<\/li>\t<\/ul>\n\t<ul>\n\t\t<li>\t\t\n\t\t\t\t<img decoding=\"async\" src=\"https:\/\/cogi-pme.com\/wp-content\/uploads\/2022\/05\/iconfinder_startup-61_2956918_0.png\" alt=\"iconfinder_startup-61_2956918_0\" title=\"iconfinder_startup-61_2956918_0\" itemprop=\"image\"\/>\n\t\t<h3>Ressources humaines<\/h3>Gestion de la diversit\u00e9 en entreprise<br \/>\nGestion de conflit et relation de travail<br \/>\nCoaching, Formation et orientation de carri\u00e8re<br \/>\nPlanification strat\u00e9gique, recrutement et dotation\n<\/li>\t<\/ul>\n\t<ul>\n\t\t<li>\t\t\n\t\t\t\t<img decoding=\"async\" src=\"https:\/\/cogi-pme.com\/wp-content\/uploads\/2022\/05\/iconfinder_41_466108.png\" alt=\"iconfinder_41_466108\" title=\"iconfinder_41_466108\" itemprop=\"image\"\/>\n\t\t<h3>Droit Commercial<\/h3>Incorporation, convention des actionnaires<br \/>\nFiscalit\u00e9 des entreprises et des particuliers<br \/>\nAchat, vente, fusion d&#8217;entreprises<br \/>\nProtection de propri\u00e9t\u00e9 intellectuelle\n<\/li>\t<\/ul>\n\t<ul>\n\t\t<li>\t\t\n\t\t\t\t<img decoding=\"async\" src=\"https:\/\/cogi-pme.com\/wp-content\/uploads\/2022\/05\/iconfinder_210_-_international_business_4250322.png\" alt=\"iconfinder_210_-_international_business_4250322\" title=\"iconfinder_210_-_international_business_4250322\" itemprop=\"image\"\/>\n\t\t<h3>Commerce international<\/h3>Organisation des mIssions commerciales en Chine.<br \/>\nPr\u00e9paration, accompagnement et suivi des contacts d&#8217;affaires.<br \/>\nN\u00e9gociation des contrats (importation, exportation, fabrication).<br \/>\nConclure des transactions et traduction des documents.\n<\/li>\t<\/ul>\n\t\t\t<a href=\"https:\/\/cogi-pme.com\/en\/contact\/\" target=\"_self\" role=\"button\" rel=\"noopener\">\n\t\t\t\t\t\t\tNous contacter\n\t\t\t\t\t<\/a>\n\n","protected":false},"excerpt":{"rendered":"<p>Nos Services TOUS LES SERVICES AU M\u00caME GUICHET UNIQUE Consultation, Formation Nous sommes une \u00e9quipe d&#8217;experts chevronn\u00e9s ayant chacun de 15 \u00e0 25 ans d&#8217;exp\u00e9riences.Nous vous offrons des services de consultation dans divers domaines de la gestion d&#8217;entreprise :Marketing, Informatique, Comptabilit\u00e9, Financement, Ressources humaines, Droit commercial, Commerce international.Nous offrons des cours de formation personnalis\u00e9e sur [&hellip;]<\/p>\n","protected":false},"author":1,"featured_media":0,"parent":0,"menu_order":0,"comment_status":"closed","ping_status":"closed","template":"","meta":{"site-sidebar-layout":"no-sidebar","site-content-layout":"page-builder","ast-site-content-layout":"default","site-content-style":"default","site-sidebar-style":"default","ast-global-header-display":"","ast-banner-title-visibility":"","ast-main-header-display":"","ast-hfb-above-header-display":"","ast-hfb-below-header-display":"","ast-hfb-mobile-header-display":"","site-post-title":"disabled","ast-breadcrumbs-content":"","ast-featured-img":"disabled","footer-sml-layout":"","ast-disable-related-posts":"","theme-transparent-header-meta":"","adv-header-id-meta":"","stick-header-meta":"","header-above-stick-meta":"","header-main-stick-meta":"","header-below-stick-meta":"","astra-migrate-meta-layouts":"default","ast-page-background-enabled":"default","ast-page-background-meta":{"desktop":{"background-color":"","background-image":"","background-repeat":"repeat","background-position":"center center","background-size":"auto","background-attachment":"scroll","background-type":"","background-media":"","overlay-type":"","overlay-color":"","overlay-opacity":"","overlay-gradient":""},"tablet":{"background-color":"","background-image":"","background-repeat":"repeat","background-position":"center center","background-size":"auto","background-attachment":"scroll","background-type":"","background-media":"","overlay-type":"","overlay-color":"","overlay-opacity":"","overlay-gradient":""},"mobile":{"background-color":"","background-image":"","background-repeat":"repeat","background-position":"center center","background-size":"auto","background-attachment":"scroll","background-type":"","background-media":"","overlay-type":"","overlay-color":"","overlay-opacity":"","overlay-gradient":""}},"ast-content-background-meta":{"desktop":{"background-color":"var(--ast-global-color-5)","background-image":"","background-repeat":"repeat","background-position":"center center","background-size":"auto","background-attachment":"scroll","background-type":"","background-media":"","overlay-type":"","overlay-color":"","overlay-opacity":"","overlay-gradient":""},"tablet":{"background-color":"var(--ast-global-color-5)","background-image":"","background-repeat":"repeat","background-position":"center center","background-size":"auto","background-attachment":"scroll","background-type":"","background-media":"","overlay-type":"","overlay-color":"","overlay-opacity":"","overlay-gradient":""},"mobile":{"background-color":"var(--ast-global-color-5)","background-image":"","background-repeat":"repeat","background-position":"center center","background-size":"auto","background-attachment":"scroll","background-type":"","background-media":"","overlay-type":"","overlay-color":"","overlay-opacity":"","overlay-gradient":""}},"footnotes":""},"class_list":["post-867","page","type-page","status-publish","hentry"],"yoast_head":"<!-- This site is optimized with the Yoast SEO plugin v27.5 - https:\/\/yoast.com\/product\/yoast-seo-wordpress\/ -->\n<title>nos services - COGI-PME<\/title>\n<meta name=\"robots\" content=\"index, follow, max-snippet:-1, max-image-preview:large, max-video-preview:-1\" \/>\n<link rel=\"canonical\" href=\"https:\/\/cogi-pme.com\/en\/nos-services\/\" \/>\n<meta property=\"og:locale\" content=\"en_US\" \/>\n<meta property=\"og:type\" content=\"article\" \/>\n<meta property=\"og:title\" content=\"nos services - COGI-PME\" \/>\n<meta property=\"og:description\" content=\"Nos Services TOUS LES SERVICES AU M\u00caME GUICHET UNIQUE Consultation, Formation Nous sommes une \u00e9quipe d&#8217;experts chevronn\u00e9s ayant chacun de 15 \u00e0 25 ans d&#8217;exp\u00e9riences.Nous vous offrons des services de consultation dans divers domaines de la gestion d&#8217;entreprise :Marketing, Informatique, Comptabilit\u00e9, Financement, Ressources humaines, Droit commercial, Commerce international.Nous offrons des cours de formation personnalis\u00e9e sur [&hellip;]\" \/>\n<meta property=\"og:url\" content=\"https:\/\/cogi-pme.com\/en\/nos-services\/\" \/>\n<meta property=\"og:site_name\" content=\"COGI-PME\" \/>\n<meta property=\"og:image\" content=\"https:\/\/cogi-pme.com\/wp-content\/uploads\/2022\/05\/iconfinder_startup-07_2956939_0.png\" \/>\n<meta name=\"twitter:card\" content=\"summary_large_image\" \/>\n<meta name=\"twitter:label1\" content=\"Est. reading time\" \/>\n\t<meta name=\"twitter:data1\" content=\"2 minutes\" \/>\n<script type=\"application\/ld+json\" class=\"yoast-schema-graph\">{\"@context\":\"https:\\\/\\\/schema.org\",\"@graph\":[{\"@type\":\"WebPage\",\"@id\":\"https:\\\/\\\/cogi-pme.com\\\/en\\\/nos-services\\\/\",\"url\":\"https:\\\/\\\/cogi-pme.com\\\/en\\\/nos-services\\\/\",\"name\":\"nos services - COGI-PME\",\"isPartOf\":{\"@id\":\"https:\\\/\\\/cogi-pme.com\\\/en\\\/#website\"},\"primaryImageOfPage\":{\"@id\":\"https:\\\/\\\/cogi-pme.com\\\/en\\\/nos-services\\\/#primaryimage\"},\"image\":{\"@id\":\"https:\\\/\\\/cogi-pme.com\\\/en\\\/nos-services\\\/#primaryimage\"},\"thumbnailUrl\":\"https:\\\/\\\/cogi-pme.com\\\/wp-content\\\/uploads\\\/2022\\\/05\\\/iconfinder_startup-07_2956939_0.png\",\"datePublished\":\"2017-08-14T11:37:23+00:00\",\"breadcrumb\":{\"@id\":\"https:\\\/\\\/cogi-pme.com\\\/en\\\/nos-services\\\/#breadcrumb\"},\"inLanguage\":\"en-US\",\"potentialAction\":[{\"@type\":\"ReadAction\",\"target\":[\"https:\\\/\\\/cogi-pme.com\\\/en\\\/nos-services\\\/\"]}]},{\"@type\":\"ImageObject\",\"inLanguage\":\"en-US\",\"@id\":\"https:\\\/\\\/cogi-pme.com\\\/en\\\/nos-services\\\/#primaryimage\",\"url\":\"https:\\\/\\\/cogi-pme.com\\\/wp-content\\\/uploads\\\/2022\\\/05\\\/iconfinder_startup-07_2956939_0.png\",\"contentUrl\":\"https:\\\/\\\/cogi-pme.com\\\/wp-content\\\/uploads\\\/2022\\\/05\\\/iconfinder_startup-07_2956939_0.png\"},{\"@type\":\"BreadcrumbList\",\"@id\":\"https:\\\/\\\/cogi-pme.com\\\/en\\\/nos-services\\\/#breadcrumb\",\"itemListElement\":[{\"@type\":\"ListItem\",\"position\":1,\"name\":\"Accueil\",\"item\":\"https:\\\/\\\/cogi-pme.com\\\/en\\\/\"},{\"@type\":\"ListItem\",\"position\":2,\"name\":\"nos services\"}]},{\"@type\":\"WebSite\",\"@id\":\"https:\\\/\\\/cogi-pme.com\\\/en\\\/#website\",\"url\":\"https:\\\/\\\/cogi-pme.com\\\/en\\\/\",\"name\":\"COGI-PME\",\"description\":\"Just another WordPress site\",\"publisher\":{\"@id\":\"https:\\\/\\\/cogi-pme.com\\\/en\\\/#organization\"},\"potentialAction\":[{\"@type\":\"SearchAction\",\"target\":{\"@type\":\"EntryPoint\",\"urlTemplate\":\"https:\\\/\\\/cogi-pme.com\\\/en\\\/?s={search_term_string}\"},\"query-input\":{\"@type\":\"PropertyValueSpecification\",\"valueRequired\":true,\"valueName\":\"search_term_string\"}}],\"inLanguage\":\"en-US\"},{\"@type\":\"Organization\",\"@id\":\"https:\\\/\\\/cogi-pme.com\\\/en\\\/#organization\",\"name\":\"COGI-PME\",\"url\":\"https:\\\/\\\/cogi-pme.com\\\/en\\\/\",\"logo\":{\"@type\":\"ImageObject\",\"inLanguage\":\"en-US\",\"@id\":\"https:\\\/\\\/cogi-pme.com\\\/en\\\/#\\\/schema\\\/logo\\\/image\\\/\",\"url\":\"https:\\\/\\\/cogi-pme.com\\\/wp-content\\\/uploads\\\/2022\\\/05\\\/cropped-editablecogi300.jpg\",\"contentUrl\":\"https:\\\/\\\/cogi-pme.com\\\/wp-content\\\/uploads\\\/2022\\\/05\\\/cropped-editablecogi300.jpg\",\"width\":300,\"height\":67,\"caption\":\"COGI-PME\"},\"image\":{\"@id\":\"https:\\\/\\\/cogi-pme.com\\\/en\\\/#\\\/schema\\\/logo\\\/image\\\/\"}}]}<\/script>\n<!-- \/ Yoast SEO plugin. -->","yoast_head_json":{"title":"nos services - COGI-PME","robots":{"index":"index","follow":"follow","max-snippet":"max-snippet:-1","max-image-preview":"max-image-preview:large","max-video-preview":"max-video-preview:-1"},"canonical":"https:\/\/cogi-pme.com\/en\/nos-services\/","og_locale":"en_US","og_type":"article","og_title":"nos services - COGI-PME","og_description":"Nos Services TOUS LES SERVICES AU M\u00caME GUICHET UNIQUE Consultation, Formation Nous sommes une \u00e9quipe d&#8217;experts chevronn\u00e9s ayant chacun de 15 \u00e0 25 ans d&#8217;exp\u00e9riences.Nous vous offrons des services de consultation dans divers domaines de la gestion d&#8217;entreprise :Marketing, Informatique, Comptabilit\u00e9, Financement, Ressources humaines, Droit commercial, Commerce international.Nous offrons des cours de formation personnalis\u00e9e sur [&hellip;]","og_url":"https:\/\/cogi-pme.com\/en\/nos-services\/","og_site_name":"COGI-PME","og_image":[{"url":"https:\/\/cogi-pme.com\/wp-content\/uploads\/2022\/05\/iconfinder_startup-07_2956939_0.png","type":"","width":"","height":""}],"twitter_card":"summary_large_image","twitter_misc":{"Est. reading time":"2 minutes"},"schema":{"@context":"https:\/\/schema.org","@graph":[{"@type":"WebPage","@id":"https:\/\/cogi-pme.com\/en\/nos-services\/","url":"https:\/\/cogi-pme.com\/en\/nos-services\/","name":"nos services - COGI-PME","isPartOf":{"@id":"https:\/\/cogi-pme.com\/en\/#website"},"primaryImageOfPage":{"@id":"https:\/\/cogi-pme.com\/en\/nos-services\/#primaryimage"},"image":{"@id":"https:\/\/cogi-pme.com\/en\/nos-services\/#primaryimage"},"thumbnailUrl":"https:\/\/cogi-pme.com\/wp-content\/uploads\/2022\/05\/iconfinder_startup-07_2956939_0.png","datePublished":"2017-08-14T11:37:23+00:00","breadcrumb":{"@id":"https:\/\/cogi-pme.com\/en\/nos-services\/#breadcrumb"},"inLanguage":"en-US","potentialAction":[{"@type":"ReadAction","target":["https:\/\/cogi-pme.com\/en\/nos-services\/"]}]},{"@type":"ImageObject","inLanguage":"en-US","@id":"https:\/\/cogi-pme.com\/en\/nos-services\/#primaryimage","url":"https:\/\/cogi-pme.com\/wp-content\/uploads\/2022\/05\/iconfinder_startup-07_2956939_0.png","contentUrl":"https:\/\/cogi-pme.com\/wp-content\/uploads\/2022\/05\/iconfinder_startup-07_2956939_0.png"},{"@type":"BreadcrumbList","@id":"https:\/\/cogi-pme.com\/en\/nos-services\/#breadcrumb","itemListElement":[{"@type":"ListItem","position":1,"name":"Accueil","item":"https:\/\/cogi-pme.com\/en\/"},{"@type":"ListItem","position":2,"name":"nos services"}]},{"@type":"WebSite","@id":"https:\/\/cogi-pme.com\/en\/#website","url":"https:\/\/cogi-pme.com\/en\/","name":"COGI-PME","description":"Just another WordPress site","publisher":{"@id":"https:\/\/cogi-pme.com\/en\/#organization"},"potentialAction":[{"@type":"SearchAction","target":{"@type":"EntryPoint","urlTemplate":"https:\/\/cogi-pme.com\/en\/?s={search_term_string}"},"query-input":{"@type":"PropertyValueSpecification","valueRequired":true,"valueName":"search_term_string"}}],"inLanguage":"en-US"},{"@type":"Organization","@id":"https:\/\/cogi-pme.com\/en\/#organization","name":"COGI-PME","url":"https:\/\/cogi-pme.com\/en\/","logo":{"@type":"ImageObject","inLanguage":"en-US","@id":"https:\/\/cogi-pme.com\/en\/#\/schema\/logo\/image\/","url":"https:\/\/cogi-pme.com\/wp-content\/uploads\/2022\/05\/cropped-editablecogi300.jpg","contentUrl":"https:\/\/cogi-pme.com\/wp-content\/uploads\/2022\/05\/cropped-editablecogi300.jpg","width":300,"height":67,"caption":"COGI-PME"},"image":{"@id":"https:\/\/cogi-pme.com\/en\/#\/schema\/logo\/image\/"}}]}},"_links":{"self":[{"href":"https:\/\/cogi-pme.com\/en\/wp-json\/wp\/v2\/pages\/867","targetHints":{"allow":["GET"]}}],"collection":[{"href":"https:\/\/cogi-pme.com\/en\/wp-json\/wp\/v2\/pages"}],"about":[{"href":"https:\/\/cogi-pme.com\/en\/wp-json\/wp\/v2\/types\/page"}],"author":[{"embeddable":true,"href":"https:\/\/cogi-pme.com\/en\/wp-json\/wp\/v2\/users\/1"}],"replies":[{"embeddable":true,"href":"https:\/\/cogi-pme.com\/en\/wp-json\/wp\/v2\/comments?post=867"}],"version-history":[{"count":0,"href":"https:\/\/cogi-pme.com\/en\/wp-json\/wp\/v2\/pages\/867\/revisions"}],"wp:attachment":[{"href":"https:\/\/cogi-pme.com\/en\/wp-json\/wp\/v2\/media?parent=867"}],"curies":[{"name":"wp","href":"https:\/\/api.w.org\/{rel}","templated":true}]}}