{"id":866,"date":"2017-08-14T11:37:29","date_gmt":"2017-08-14T11:37:29","guid":{"rendered":"https:\/\/dev.cogi-pme.com\/notre-equipe\/"},"modified":"2017-08-14T11:37:29","modified_gmt":"2017-08-14T11:37:29","slug":"notre-equipe","status":"publish","type":"page","link":"https:\/\/cogi-pme.com\/en\/notre-equipe\/","title":{"rendered":"notre \u00e9quipe"},"content":{"rendered":"\n<h1>\n\t\t\t\tNotre \u00e9quipe\n\t\t\t<\/h1>\n\t\t\t<p>TOUS LES EXPERTS SOUS LE M\u00caME TOIT !<\/p>\n\t\t\t\t<img loading=\"lazy\" decoding=\"async\" src=\"https:\/\/cogi-pme.com\/wp-content\/uploads\/2022\/05\/equipe.jpg\" alt=\"equipe\" itemprop=\"image\" height=\"150\" width=\"700\" title=\"equipe\" onerror=\"this.style.display='none'\">\n\t<h5>\n\t\t\t\tNous sommes une \u00e9quipe d&#8217;experts en gestion compos\u00e9e de cadres et \u2028de professionnels chevronn\u00e9s ayant chacun de 15 \u00e0 25 ans d&#8217;exp\u00e9riences \u2028et de savoir faire en gestion d&#8217;entreprises\n\t\t\t<\/h5>\n\t\t\t<ul><li>dans divers domaines de la gestion d&#8217;entreprise : \u2028marketing, informatique, comptabilit\u00e9, financement, ressources humaines, commerce international.<\/li><li>dans les divers secteurs de l&#8217;\u00e9conomie : manufactures, services priv\u00e9s, services publics, \u2028sant\u00e9, \u00e9ducation, \u00e9nergie, s\u00e9curit\u00e9, a\u00e9ronautique, etc.<\/li><\/ul>\t\n\t\t\t\t<img decoding=\"async\" src=\"https:\/\/cogi-pme.com\/wp-content\/uploads\/2022\/05\/thu-ha-k125px_0.jpg\" alt=\"thu-ha-k125px_0\" title=\"thu-ha-k125px_0\" itemprop=\"image\">\n\t<h3>\n\t\t\t\tFONDATRICE : Mme. Thu-Ha T\u00f4\n\t\t\t<\/h3>\n\t<p>Titulaire d&#8217;un Baccalaur\u00e9at en Administration \u00e0 l&#8217;Universit\u00e9 Laval en 1971 et d&#8217;une Ma\u00eetrise es Arts en marketing de l&#8217;Universit\u00e9 de Sherbrooke en 1973, Mme T\u00f4 a plus de 20 ann\u00e9es d&#8217;exp\u00e9rience en marketing, planification et la gestion des entreprises priv\u00e9es et publique des secteurs de l&#8217;\u00e9nergie, de l&#8217;\u00e9ducation et du finance.  Mme T\u00f4 a fait carri\u00e8re \u00e0 Hydro-Qu\u00e9bec dans diff\u00e9rentes fonctions du marketing  telles que la planification strat\u00e9gique,  les sondages et \u00e9tudes de march\u00e9, la formation des gestionnaires et des employ\u00e9s, le service \u00e0 la client\u00e8le et le commerce international. Pendant les 10 derni\u00e8res ann\u00e9es, Mme T\u00f4 a travaill\u00e9 principalement comme consultante en marketing, administration et financement pour divers entreprises de taille grande, moyenne et petite ( ex. : Evatec Group, Scotia Mcleod, Desjardins, Banque de Montr\u00e9al, Syst\u00e8mes M3i Inc., SGDL Systems In, etc.).<\/p>\n<p>Tr\u00e8s impliqu\u00e9e dans des activit\u00e9s communautaires et du d\u00e9veloppement \u00e9conomique. Mme T\u00f4 a organis\u00e9 en 1993 un rendez-vous d&#8217;affaires de la Rive-Sud avec la ville de Brossard, la BDC et la Banque Nationale pour r\u00e9unir des investisseurs chinois et des entreprises qu\u00e9b\u00e9coises. Elle a co-fond\u00e9 avec Monsieur Claude Thibault en 1991 le FORUM Service \u00e0 la client\u00e8le des communaut\u00e9s culturelle et elle \u00e9tait une proche collaboratrice du Forum (1991-1997) et la pr\u00e9sidente de 1997 \u00e0 1999.<\/p>\n","protected":false},"excerpt":{"rendered":"<p>Notre \u00e9quipe TOUS LES EXPERTS SOUS LE M\u00caME TOIT ! Nous sommes une \u00e9quipe d&#8217;experts en gestion compos\u00e9e de cadres et \u2028de professionnels chevronn\u00e9s ayant chacun de 15 \u00e0 25 ans d&#8217;exp\u00e9riences \u2028et de savoir faire en gestion d&#8217;entreprises dans divers domaines de la gestion d&#8217;entreprise : \u2028marketing, informatique, comptabilit\u00e9, financement, ressources humaines, commerce international. [&hellip;]<\/p>\n","protected":false},"author":1,"featured_media":0,"parent":0,"menu_order":0,"comment_status":"closed","ping_status":"closed","template":"","meta":{"site-sidebar-layout":"no-sidebar","site-content-layout":"page-builder","ast-site-content-layout":"default","site-content-style":"default","site-sidebar-style":"default","ast-global-header-display":"","ast-banner-title-visibility":"","ast-main-header-display":"","ast-hfb-above-header-display":"","ast-hfb-below-header-display":"","ast-hfb-mobile-header-display":"","site-post-title":"disabled","ast-breadcrumbs-content":"","ast-featured-img":"disabled","footer-sml-layout":"","ast-disable-related-posts":"","theme-transparent-header-meta":"","adv-header-id-meta":"","stick-header-meta":"","header-above-stick-meta":"","header-main-stick-meta":"","header-below-stick-meta":"","astra-migrate-meta-layouts":"default","ast-page-background-enabled":"default","ast-page-background-meta":{"desktop":{"background-color":"","background-image":"","background-repeat":"repeat","background-position":"center center","background-size":"auto","background-attachment":"scroll","background-type":"","background-media":"","overlay-type":"","overlay-color":"","overlay-opacity":"","overlay-gradient":""},"tablet":{"background-color":"","background-image":"","background-repeat":"repeat","background-position":"center center","background-size":"auto","background-attachment":"scroll","background-type":"","background-media":"","overlay-type":"","overlay-color":"","overlay-opacity":"","overlay-gradient":""},"mobile":{"background-color":"","background-image":"","background-repeat":"repeat","background-position":"center center","background-size":"auto","background-attachment":"scroll","background-type":"","background-media":"","overlay-type":"","overlay-color":"","overlay-opacity":"","overlay-gradient":""}},"ast-content-background-meta":{"desktop":{"background-color":"var(--ast-global-color-5)","background-image":"","background-repeat":"repeat","background-position":"center center","background-size":"auto","background-attachment":"scroll","background-type":"","background-media":"","overlay-type":"","overlay-color":"","overlay-opacity":"","overlay-gradient":""},"tablet":{"background-color":"var(--ast-global-color-5)","background-image":"","background-repeat":"repeat","background-position":"center center","background-size":"auto","background-attachment":"scroll","background-type":"","background-media":"","overlay-type":"","overlay-color":"","overlay-opacity":"","overlay-gradient":""},"mobile":{"background-color":"var(--ast-global-color-5)","background-image":"","background-repeat":"repeat","background-position":"center center","background-size":"auto","background-attachment":"scroll","background-type":"","background-media":"","overlay-type":"","overlay-color":"","overlay-opacity":"","overlay-gradient":""}},"footnotes":""},"class_list":["post-866","page","type-page","status-publish","hentry"],"yoast_head":"<!-- This site is optimized with the Yoast SEO plugin v27.4 - https:\/\/yoast.com\/product\/yoast-seo-wordpress\/ -->\n<title>notre \u00e9quipe - COGI-PME<\/title>\n<meta name=\"robots\" content=\"index, follow, max-snippet:-1, max-image-preview:large, max-video-preview:-1\" \/>\n<link rel=\"canonical\" href=\"https:\/\/cogi-pme.com\/en\/notre-equipe\/\" \/>\n<meta property=\"og:locale\" content=\"en_US\" \/>\n<meta property=\"og:type\" content=\"article\" \/>\n<meta property=\"og:title\" content=\"notre \u00e9quipe - COGI-PME\" \/>\n<meta property=\"og:description\" content=\"Notre \u00e9quipe TOUS LES EXPERTS SOUS LE M\u00caME TOIT ! Nous sommes une \u00e9quipe d&#8217;experts en gestion compos\u00e9e de cadres et \u2028de professionnels chevronn\u00e9s ayant chacun de 15 \u00e0 25 ans d&#8217;exp\u00e9riences \u2028et de savoir faire en gestion d&#8217;entreprises dans divers domaines de la gestion d&#8217;entreprise : \u2028marketing, informatique, comptabilit\u00e9, financement, ressources humaines, commerce international. [&hellip;]\" \/>\n<meta property=\"og:url\" content=\"https:\/\/cogi-pme.com\/en\/notre-equipe\/\" \/>\n<meta property=\"og:site_name\" content=\"COGI-PME\" \/>\n<meta property=\"og:image\" content=\"https:\/\/cogi-pme.com\/wp-content\/uploads\/2022\/05\/equipe.jpg\" \/>\n<meta name=\"twitter:card\" content=\"summary_large_image\" \/>\n<meta name=\"twitter:label1\" content=\"Est. reading time\" \/>\n\t<meta name=\"twitter:data1\" content=\"2 minutes\" \/>\n<script type=\"application\/ld+json\" class=\"yoast-schema-graph\">{\"@context\":\"https:\\\/\\\/schema.org\",\"@graph\":[{\"@type\":\"WebPage\",\"@id\":\"https:\\\/\\\/cogi-pme.com\\\/en\\\/notre-equipe\\\/\",\"url\":\"https:\\\/\\\/cogi-pme.com\\\/en\\\/notre-equipe\\\/\",\"name\":\"notre \u00e9quipe - COGI-PME\",\"isPartOf\":{\"@id\":\"https:\\\/\\\/cogi-pme.com\\\/en\\\/#website\"},\"primaryImageOfPage\":{\"@id\":\"https:\\\/\\\/cogi-pme.com\\\/en\\\/notre-equipe\\\/#primaryimage\"},\"image\":{\"@id\":\"https:\\\/\\\/cogi-pme.com\\\/en\\\/notre-equipe\\\/#primaryimage\"},\"thumbnailUrl\":\"https:\\\/\\\/cogi-pme.com\\\/wp-content\\\/uploads\\\/2022\\\/05\\\/equipe.jpg\",\"datePublished\":\"2017-08-14T11:37:29+00:00\",\"breadcrumb\":{\"@id\":\"https:\\\/\\\/cogi-pme.com\\\/en\\\/notre-equipe\\\/#breadcrumb\"},\"inLanguage\":\"en-US\",\"potentialAction\":[{\"@type\":\"ReadAction\",\"target\":[\"https:\\\/\\\/cogi-pme.com\\\/en\\\/notre-equipe\\\/\"]}]},{\"@type\":\"ImageObject\",\"inLanguage\":\"en-US\",\"@id\":\"https:\\\/\\\/cogi-pme.com\\\/en\\\/notre-equipe\\\/#primaryimage\",\"url\":\"https:\\\/\\\/cogi-pme.com\\\/wp-content\\\/uploads\\\/2022\\\/05\\\/equipe.jpg\",\"contentUrl\":\"https:\\\/\\\/cogi-pme.com\\\/wp-content\\\/uploads\\\/2022\\\/05\\\/equipe.jpg\"},{\"@type\":\"BreadcrumbList\",\"@id\":\"https:\\\/\\\/cogi-pme.com\\\/en\\\/notre-equipe\\\/#breadcrumb\",\"itemListElement\":[{\"@type\":\"ListItem\",\"position\":1,\"name\":\"Accueil\",\"item\":\"https:\\\/\\\/cogi-pme.com\\\/en\\\/\"},{\"@type\":\"ListItem\",\"position\":2,\"name\":\"notre \u00e9quipe\"}]},{\"@type\":\"WebSite\",\"@id\":\"https:\\\/\\\/cogi-pme.com\\\/en\\\/#website\",\"url\":\"https:\\\/\\\/cogi-pme.com\\\/en\\\/\",\"name\":\"COGI-PME\",\"description\":\"Just another WordPress site\",\"publisher\":{\"@id\":\"https:\\\/\\\/cogi-pme.com\\\/en\\\/#organization\"},\"potentialAction\":[{\"@type\":\"SearchAction\",\"target\":{\"@type\":\"EntryPoint\",\"urlTemplate\":\"https:\\\/\\\/cogi-pme.com\\\/en\\\/?s={search_term_string}\"},\"query-input\":{\"@type\":\"PropertyValueSpecification\",\"valueRequired\":true,\"valueName\":\"search_term_string\"}}],\"inLanguage\":\"en-US\"},{\"@type\":\"Organization\",\"@id\":\"https:\\\/\\\/cogi-pme.com\\\/en\\\/#organization\",\"name\":\"COGI-PME\",\"url\":\"https:\\\/\\\/cogi-pme.com\\\/en\\\/\",\"logo\":{\"@type\":\"ImageObject\",\"inLanguage\":\"en-US\",\"@id\":\"https:\\\/\\\/cogi-pme.com\\\/en\\\/#\\\/schema\\\/logo\\\/image\\\/\",\"url\":\"https:\\\/\\\/cogi-pme.com\\\/wp-content\\\/uploads\\\/2022\\\/05\\\/cropped-editablecogi300.jpg\",\"contentUrl\":\"https:\\\/\\\/cogi-pme.com\\\/wp-content\\\/uploads\\\/2022\\\/05\\\/cropped-editablecogi300.jpg\",\"width\":300,\"height\":67,\"caption\":\"COGI-PME\"},\"image\":{\"@id\":\"https:\\\/\\\/cogi-pme.com\\\/en\\\/#\\\/schema\\\/logo\\\/image\\\/\"}}]}<\/script>\n<!-- \/ Yoast SEO plugin. -->","yoast_head_json":{"title":"notre \u00e9quipe - COGI-PME","robots":{"index":"index","follow":"follow","max-snippet":"max-snippet:-1","max-image-preview":"max-image-preview:large","max-video-preview":"max-video-preview:-1"},"canonical":"https:\/\/cogi-pme.com\/en\/notre-equipe\/","og_locale":"en_US","og_type":"article","og_title":"notre \u00e9quipe - COGI-PME","og_description":"Notre \u00e9quipe TOUS LES EXPERTS SOUS LE M\u00caME TOIT ! Nous sommes une \u00e9quipe d&#8217;experts en gestion compos\u00e9e de cadres et \u2028de professionnels chevronn\u00e9s ayant chacun de 15 \u00e0 25 ans d&#8217;exp\u00e9riences \u2028et de savoir faire en gestion d&#8217;entreprises dans divers domaines de la gestion d&#8217;entreprise : \u2028marketing, informatique, comptabilit\u00e9, financement, ressources humaines, commerce international. [&hellip;]","og_url":"https:\/\/cogi-pme.com\/en\/notre-equipe\/","og_site_name":"COGI-PME","og_image":[{"url":"https:\/\/cogi-pme.com\/wp-content\/uploads\/2022\/05\/equipe.jpg","type":"","width":"","height":""}],"twitter_card":"summary_large_image","twitter_misc":{"Est. reading time":"2 minutes"},"schema":{"@context":"https:\/\/schema.org","@graph":[{"@type":"WebPage","@id":"https:\/\/cogi-pme.com\/en\/notre-equipe\/","url":"https:\/\/cogi-pme.com\/en\/notre-equipe\/","name":"notre \u00e9quipe - COGI-PME","isPartOf":{"@id":"https:\/\/cogi-pme.com\/en\/#website"},"primaryImageOfPage":{"@id":"https:\/\/cogi-pme.com\/en\/notre-equipe\/#primaryimage"},"image":{"@id":"https:\/\/cogi-pme.com\/en\/notre-equipe\/#primaryimage"},"thumbnailUrl":"https:\/\/cogi-pme.com\/wp-content\/uploads\/2022\/05\/equipe.jpg","datePublished":"2017-08-14T11:37:29+00:00","breadcrumb":{"@id":"https:\/\/cogi-pme.com\/en\/notre-equipe\/#breadcrumb"},"inLanguage":"en-US","potentialAction":[{"@type":"ReadAction","target":["https:\/\/cogi-pme.com\/en\/notre-equipe\/"]}]},{"@type":"ImageObject","inLanguage":"en-US","@id":"https:\/\/cogi-pme.com\/en\/notre-equipe\/#primaryimage","url":"https:\/\/cogi-pme.com\/wp-content\/uploads\/2022\/05\/equipe.jpg","contentUrl":"https:\/\/cogi-pme.com\/wp-content\/uploads\/2022\/05\/equipe.jpg"},{"@type":"BreadcrumbList","@id":"https:\/\/cogi-pme.com\/en\/notre-equipe\/#breadcrumb","itemListElement":[{"@type":"ListItem","position":1,"name":"Accueil","item":"https:\/\/cogi-pme.com\/en\/"},{"@type":"ListItem","position":2,"name":"notre \u00e9quipe"}]},{"@type":"WebSite","@id":"https:\/\/cogi-pme.com\/en\/#website","url":"https:\/\/cogi-pme.com\/en\/","name":"COGI-PME","description":"Just another WordPress site","publisher":{"@id":"https:\/\/cogi-pme.com\/en\/#organization"},"potentialAction":[{"@type":"SearchAction","target":{"@type":"EntryPoint","urlTemplate":"https:\/\/cogi-pme.com\/en\/?s={search_term_string}"},"query-input":{"@type":"PropertyValueSpecification","valueRequired":true,"valueName":"search_term_string"}}],"inLanguage":"en-US"},{"@type":"Organization","@id":"https:\/\/cogi-pme.com\/en\/#organization","name":"COGI-PME","url":"https:\/\/cogi-pme.com\/en\/","logo":{"@type":"ImageObject","inLanguage":"en-US","@id":"https:\/\/cogi-pme.com\/en\/#\/schema\/logo\/image\/","url":"https:\/\/cogi-pme.com\/wp-content\/uploads\/2022\/05\/cropped-editablecogi300.jpg","contentUrl":"https:\/\/cogi-pme.com\/wp-content\/uploads\/2022\/05\/cropped-editablecogi300.jpg","width":300,"height":67,"caption":"COGI-PME"},"image":{"@id":"https:\/\/cogi-pme.com\/en\/#\/schema\/logo\/image\/"}}]}},"_links":{"self":[{"href":"https:\/\/cogi-pme.com\/en\/wp-json\/wp\/v2\/pages\/866","targetHints":{"allow":["GET"]}}],"collection":[{"href":"https:\/\/cogi-pme.com\/en\/wp-json\/wp\/v2\/pages"}],"about":[{"href":"https:\/\/cogi-pme.com\/en\/wp-json\/wp\/v2\/types\/page"}],"author":[{"embeddable":true,"href":"https:\/\/cogi-pme.com\/en\/wp-json\/wp\/v2\/users\/1"}],"replies":[{"embeddable":true,"href":"https:\/\/cogi-pme.com\/en\/wp-json\/wp\/v2\/comments?post=866"}],"version-history":[{"count":0,"href":"https:\/\/cogi-pme.com\/en\/wp-json\/wp\/v2\/pages\/866\/revisions"}],"wp:attachment":[{"href":"https:\/\/cogi-pme.com\/en\/wp-json\/wp\/v2\/media?parent=866"}],"curies":[{"name":"wp","href":"https:\/\/api.w.org\/{rel}","templated":true}]}}